{"id":219,"date":"2019-12-17T23:09:15","date_gmt":"2019-12-17T23:09:15","guid":{"rendered":"http:\/\/sergiodemiguel.net\/?page_id=219"},"modified":"2025-10-20T22:57:12","modified_gmt":"2025-10-20T22:57:12","slug":"projects","status":"publish","type":"page","link":"https:\/\/sergiodemiguelmusic.com\/es\/projects","title":{"rendered":"PROYECTOS"},"content":{"rendered":"<div data-elementor-type=\"wp-page\" data-elementor-id=\"219\" class=\"elementor elementor-219\">\n\t\t\t\t\t\t<section class=\"elementor-section elementor-top-section elementor-element elementor-element-d3c76c5 elementor-section-boxed elementor-section-height-default elementor-section-height-default\" data-id=\"d3c76c5\" data-element_type=\"section\">\n\t\t\t\t\t\t<div class=\"elementor-container elementor-column-gap-default\">\n\t\t\t\t\t<div class=\"elementor-column elementor-col-100 elementor-top-column elementor-element elementor-element-4ffe01f8\" data-id=\"4ffe01f8\" data-element_type=\"column\">\n\t\t\t<div class=\"elementor-widget-wrap elementor-element-populated\">\n\t\t\t\t\t\t<div class=\"elementor-element elementor-element-4ce95a0f elementor-widget elementor-widget-text-editor\" data-id=\"4ce95a0f\" data-element_type=\"widget\" data-widget_type=\"text-editor.default\">\n\t\t\t\t<div class=\"elementor-widget-container\">\n\t\t\t\t\t\t\t\t\t<p data-start=\"106\" data-end=\"560\">La m\u00fasica original de Sergio de Miguel fusiona sus ra\u00edces gallegas con el jazz, el flamenco, la m\u00fasica cl\u00e1sica y contempor\u00e1nea, as\u00ed como con influencias latinas y de otras tradiciones del mundo. Su proyecto reciente <em data-start=\"284\" data-end=\"297\">\u201c<b>Atl\u00e1ntida<\/b>\u201d<\/em> (2023) destila una amplia gama de influencias \u2014desde la m\u00fasica tradicional gallega, el flamenco y los sonidos cl\u00e1sicos y contempor\u00e1neos, hasta figuras del jazz moderno y tradicional como Brad Mehldau, Bill Evans, Chano Dom\u00ednguez, Abe R\u00e1bade, Aaron Parks y Tigran Hamasyan.<\/p><p data-start=\"562\" data-end=\"901\">Una de las caracter\u00edsticas principales de <em data-start=\"594\" data-end=\"605\"><b>Atl\u00e1ntida<\/b><\/em> es su diversidad cultural: no solo bebe de estas influencias variadas, sino que tambi\u00e9n cuenta con m\u00fasicos de Espa\u00f1a, Estados Unidos, Rep\u00fablica Dominicana, Bulgaria, Colombia, Jap\u00f3n, Cuba y Brasil, artistas que aportan cada uno su propia esencia al proyecto, creando un sonido verdaderamente distintivo.<\/p>\t\t\t\t\t\t\t\t<\/div>\n\t\t\t\t<\/div>\n\t\t\t\t\t<\/div>\n\t\t<\/div>\n\t\t\t\t\t<\/div>\n\t\t<\/section>\n\t\t\t\t<section class=\"elementor-section elementor-top-section elementor-element elementor-element-3d3b310 elementor-section-boxed elementor-section-height-default elementor-section-height-default\" data-id=\"3d3b310\" data-element_type=\"section\">\n\t\t\t\t\t\t<div class=\"elementor-container elementor-column-gap-default\">\n\t\t\t\t\t<div class=\"elementor-column elementor-col-100 elementor-top-column elementor-element elementor-element-a6fc82d\" data-id=\"a6fc82d\" data-element_type=\"column\">\n\t\t\t<div class=\"elementor-widget-wrap elementor-element-populated\">\n\t\t\t\t\t\t<div class=\"elementor-element elementor-element-970942a elementor-widget elementor-widget-html\" data-id=\"970942a\" data-element_type=\"widget\" data-widget_type=\"html.default\">\n\t\t\t\t<div class=\"elementor-widget-container\">\n\t\t\t\t\t<iframe data-testid=\"embed-iframe\" style=\"border-radius:12px\" src=\"https:\/\/open.spotify.com\/embed\/album\/5KbNSPrJHbzSraDD7YWuV4?utm_source=generator\" width=\"100%\" height=\"352\" frameborder=\"0\" allowfullscreen=\"\" allow=\"autoplay; clipboard-write; encrypted-media; fullscreen; picture-in-picture\" loading=\"lazy\"><\/iframe>\t\t\t\t<\/div>\n\t\t\t\t<\/div>\n\t\t\t\t\t<\/div>\n\t\t<\/div>\n\t\t\t\t\t<\/div>\n\t\t<\/section>\n\t\t\t\t<section class=\"elementor-section elementor-top-section elementor-element elementor-element-ba22568 elementor-section-boxed elementor-section-height-default elementor-section-height-default\" data-id=\"ba22568\" data-element_type=\"section\">\n\t\t\t\t\t\t<div class=\"elementor-container elementor-column-gap-default\">\n\t\t\t\t\t<div class=\"elementor-column elementor-col-100 elementor-top-column elementor-element elementor-element-4f0bd72\" data-id=\"4f0bd72\" data-element_type=\"column\">\n\t\t\t<div class=\"elementor-widget-wrap elementor-element-populated\">\n\t\t\t\t\t\t<div class=\"elementor-element elementor-element-139d35c elementor-widget elementor-widget-text-editor\" data-id=\"139d35c\" data-element_type=\"widget\" data-widget_type=\"text-editor.default\">\n\t\t\t\t<div class=\"elementor-widget-container\">\n\t\t\t\t\t\t\t\t\t<p data-start=\"106\" data-end=\"560\"><span style=\"color: var( --e-global-color-text ); font-family: var( --e-global-typography-text-font-family ), Sans-serif; font-weight: var( --e-global-typography-text-font-weight ); font-size: 1rem;\">El pr\u00f3ximo proyecto de Sergio ser\u00e1 una colecci\u00f3n de entre 10 y 14 piezas breves para piano solo. Cada obra es una historia en s\u00ed misma, un mundo propio que explora combinaciones \u00fanicas de m\u00e9tricas, motivos y texturas, movi\u00e9ndose con fluidez entre el minimalismo cl\u00e1sico, las armon\u00edas modales y de jazz, y el lenguaje evocador de la m\u00fasica cinematogr\u00e1fica. Inspiradas en compositores como Federico Mompou, Claude Debussy, Brad Mehldau, Philip Glass y Thomas Newman, estas miniaturas capturan emociones fugaces y atm\u00f3sferas depuradas, equilibrando la intimidad con la profundidad. En conjunto, forman un mosaico de concisos relatos musicales \u2014momentos que reflejan la b\u00fasqueda constante de Sergio por la melod\u00eda como veh\u00edculo narrativo m\u00e1s all\u00e1 de las palabras.<\/span><\/p>\t\t\t\t\t\t\t\t<\/div>\n\t\t\t\t<\/div>\n\t\t\t\t\t<\/div>\n\t\t<\/div>\n\t\t\t\t\t<\/div>\n\t\t<\/section>\n\t\t\t\t<section class=\"elementor-section elementor-top-section elementor-element elementor-element-eb34286 elementor-section-boxed elementor-section-height-default elementor-section-height-default\" data-id=\"eb34286\" data-element_type=\"section\">\n\t\t\t\t\t\t<div class=\"elementor-container elementor-column-gap-default\">\n\t\t\t\t\t<div class=\"elementor-column elementor-col-100 elementor-top-column elementor-element elementor-element-3ab94a0\" data-id=\"3ab94a0\" data-element_type=\"column\">\n\t\t\t<div class=\"elementor-widget-wrap elementor-element-populated\">\n\t\t\t\t\t\t<div class=\"elementor-element elementor-element-d0b29d9 elementor-widget-divider--view-line elementor-widget elementor-widget-divider\" data-id=\"d0b29d9\" data-element_type=\"widget\" data-widget_type=\"divider.default\">\n\t\t\t\t<div class=\"elementor-widget-container\">\n\t\t\t\t\t\t\t<div class=\"elementor-divider\">\n\t\t\t<span class=\"elementor-divider-separator\">\n\t\t\t\t\t\t<\/span>\n\t\t<\/div>\n\t\t\t\t\t\t<\/div>\n\t\t\t\t<\/div>\n\t\t\t\t\t<\/div>\n\t\t<\/div>\n\t\t\t\t\t<\/div>\n\t\t<\/section>\n\t\t\t\t<section class=\"elementor-section elementor-top-section elementor-element elementor-element-ec93ddc elementor-section-boxed elementor-section-height-default elementor-section-height-default\" data-id=\"ec93ddc\" data-element_type=\"section\">\n\t\t\t\t\t\t<div class=\"elementor-container elementor-column-gap-default\">\n\t\t\t\t\t<div class=\"elementor-column elementor-col-100 elementor-top-column elementor-element elementor-element-4459cb1\" data-id=\"4459cb1\" data-element_type=\"column\">\n\t\t\t<div class=\"elementor-widget-wrap elementor-element-populated\">\n\t\t\t\t\t\t<div class=\"elementor-element elementor-element-39ac153 elementor-widget elementor-widget-heading\" data-id=\"39ac153\" data-element_type=\"widget\" data-widget_type=\"heading.default\">\n\t\t\t\t<div class=\"elementor-widget-container\">\n\t\t\t\t\t<h2 class=\"elementor-heading-title elementor-size-default\">Proyectos Anteriores<\/h2>\t\t\t\t<\/div>\n\t\t\t\t<\/div>\n\t\t\t\t\t<\/div>\n\t\t<\/div>\n\t\t\t\t\t<\/div>\n\t\t<\/section>\n\t\t\t\t<section class=\"elementor-section elementor-top-section elementor-element elementor-element-f111974 elementor-section-boxed elementor-section-height-default elementor-section-height-default\" data-id=\"f111974\" data-element_type=\"section\">\n\t\t\t\t\t\t<div class=\"elementor-container elementor-column-gap-default\">\n\t\t\t\t\t<div class=\"elementor-column elementor-col-100 elementor-top-column elementor-element elementor-element-7640901\" data-id=\"7640901\" data-element_type=\"column\">\n\t\t\t<div class=\"elementor-widget-wrap elementor-element-populated\">\n\t\t\t\t\t\t<div class=\"elementor-element elementor-element-1afad64 elementor-widget elementor-widget-html\" data-id=\"1afad64\" data-element_type=\"widget\" data-widget_type=\"html.default\">\n\t\t\t\t<div class=\"elementor-widget-container\">\n\t\t\t\t\t<iframe data-testid=\"embed-iframe\" style=\"border-radius:12px\" src=\"https:\/\/open.spotify.com\/embed\/album\/2jVwjARkYm4PKq5Pehow2E?utm_source=generator\" width=\"100%\" height=\"152\" frameborder=\"0\" allowfullscreen=\"\" allow=\"autoplay; clipboard-write; encrypted-media; fullscreen; picture-in-picture\" loading=\"lazy\"><\/iframe>\t\t\t\t<\/div>\n\t\t\t\t<\/div>\n\t\t\t\t\t<\/div>\n\t\t<\/div>\n\t\t\t\t\t<\/div>\n\t\t<\/section>\n\t\t\t\t<section class=\"elementor-section elementor-top-section elementor-element elementor-element-5716312 elementor-section-boxed elementor-section-height-default elementor-section-height-default\" data-id=\"5716312\" data-element_type=\"section\">\n\t\t\t\t\t\t<div class=\"elementor-container elementor-column-gap-default\">\n\t\t\t\t\t<div class=\"elementor-column elementor-col-100 elementor-top-column elementor-element elementor-element-5796c7d\" data-id=\"5796c7d\" data-element_type=\"column\">\n\t\t\t<div class=\"elementor-widget-wrap elementor-element-populated\">\n\t\t\t\t\t\t<div class=\"elementor-element elementor-element-711e2b5 elementor-widget elementor-widget-html\" data-id=\"711e2b5\" data-element_type=\"widget\" data-widget_type=\"html.default\">\n\t\t\t\t<div class=\"elementor-widget-container\">\n\t\t\t\t\t<iframe data-testid=\"embed-iframe\" style=\"border-radius:12px\" src=\"https:\/\/open.spotify.com\/embed\/album\/2vZbL5PIvjeja8hiOZGpsB?utm_source=generator\" width=\"100%\" height=\"152\" frameborder=\"0\" allowfullscreen=\"\" allow=\"autoplay; clipboard-write; encrypted-media; fullscreen; picture-in-picture\" loading=\"lazy\"><\/iframe>\t\t\t\t<\/div>\n\t\t\t\t<\/div>\n\t\t\t\t\t<\/div>\n\t\t<\/div>\n\t\t\t\t\t<\/div>\n\t\t<\/section>\n\t\t\t\t<section class=\"elementor-section elementor-top-section elementor-element elementor-element-4ec04ea elementor-section-boxed elementor-section-height-default elementor-section-height-default\" data-id=\"4ec04ea\" data-element_type=\"section\">\n\t\t\t\t\t\t<div class=\"elementor-container elementor-column-gap-default\">\n\t\t\t\t\t<div class=\"elementor-column elementor-col-100 elementor-top-column elementor-element elementor-element-c135cb8\" data-id=\"c135cb8\" data-element_type=\"column\">\n\t\t\t<div class=\"elementor-widget-wrap elementor-element-populated\">\n\t\t\t\t\t\t<div class=\"elementor-element elementor-element-b6f82aa elementor-widget elementor-widget-html\" data-id=\"b6f82aa\" data-element_type=\"widget\" data-widget_type=\"html.default\">\n\t\t\t\t<div class=\"elementor-widget-container\">\n\t\t\t\t\t<iframe data-testid=\"embed-iframe\" style=\"border-radius:12px\" src=\"https:\/\/open.spotify.com\/embed\/album\/2yfvlGr9u0nc5lYmhI4OgB?utm_source=generator\" width=\"100%\" height=\"152\" frameborder=\"0\" allowfullscreen=\"\" allow=\"autoplay; clipboard-write; encrypted-media; fullscreen; picture-in-picture\" loading=\"lazy\"><\/iframe>\t\t\t\t<\/div>\n\t\t\t\t<\/div>\n\t\t\t\t\t<\/div>\n\t\t<\/div>\n\t\t\t\t\t<\/div>\n\t\t<\/section>\n\t\t\t\t<section class=\"elementor-section elementor-top-section elementor-element elementor-element-15fb199 elementor-section-boxed elementor-section-height-default elementor-section-height-default\" data-id=\"15fb199\" data-element_type=\"section\">\n\t\t\t\t\t\t<div class=\"elementor-container elementor-column-gap-default\">\n\t\t\t\t\t<div class=\"elementor-column elementor-col-100 elementor-top-column elementor-element elementor-element-d55541d\" data-id=\"d55541d\" data-element_type=\"column\">\n\t\t\t<div class=\"elementor-widget-wrap elementor-element-populated\">\n\t\t\t\t\t\t<div class=\"elementor-element elementor-element-cb16744 elementor-widget-divider--view-line elementor-widget elementor-widget-divider\" data-id=\"cb16744\" data-element_type=\"widget\" data-widget_type=\"divider.default\">\n\t\t\t\t<div class=\"elementor-widget-container\">\n\t\t\t\t\t\t\t<div class=\"elementor-divider\">\n\t\t\t<span class=\"elementor-divider-separator\">\n\t\t\t\t\t\t<\/span>\n\t\t<\/div>\n\t\t\t\t\t\t<\/div>\n\t\t\t\t<\/div>\n\t\t\t\t\t<\/div>\n\t\t<\/div>\n\t\t\t\t\t<\/div>\n\t\t<\/section>\n\t\t\t\t<section class=\"elementor-section elementor-top-section elementor-element elementor-element-014d690 elementor-section-boxed elementor-section-height-default elementor-section-height-default\" data-id=\"014d690\" data-element_type=\"section\">\n\t\t\t\t\t\t<div class=\"elementor-container elementor-column-gap-default\">\n\t\t\t\t\t<div class=\"elementor-column elementor-col-100 elementor-top-column elementor-element elementor-element-979fe2b\" data-id=\"979fe2b\" data-element_type=\"column\">\n\t\t\t<div class=\"elementor-widget-wrap elementor-element-populated\">\n\t\t\t\t\t\t<div class=\"elementor-element elementor-element-62239a2 elementor-widget elementor-widget-heading\" data-id=\"62239a2\" data-element_type=\"widget\" data-widget_type=\"heading.default\">\n\t\t\t\t<div class=\"elementor-widget-container\">\n\t\t\t\t\t<h2 class=\"elementor-heading-title elementor-size-default\">Colaboraciones<\/h2>\t\t\t\t<\/div>\n\t\t\t\t<\/div>\n\t\t\t\t\t<\/div>\n\t\t<\/div>\n\t\t\t\t\t<\/div>\n\t\t<\/section>\n\t\t\t\t<section class=\"elementor-section elementor-top-section elementor-element elementor-element-36c8d06 elementor-section-boxed elementor-section-height-default elementor-section-height-default\" data-id=\"36c8d06\" data-element_type=\"section\">\n\t\t\t\t\t\t<div class=\"elementor-container elementor-column-gap-default\">\n\t\t\t\t\t<div class=\"elementor-column elementor-col-100 elementor-top-column elementor-element elementor-element-7a9743a\" data-id=\"7a9743a\" data-element_type=\"column\">\n\t\t\t<div class=\"elementor-widget-wrap elementor-element-populated\">\n\t\t\t\t\t\t<div class=\"elementor-element elementor-element-a716c34 elementor-widget elementor-widget-text-editor\" data-id=\"a716c34\" data-element_type=\"widget\" data-widget_type=\"text-editor.default\">\n\t\t\t\t<div class=\"elementor-widget-container\">\n\t\t\t\t\t\t\t\t\t<p>M\u00e1s all\u00e1 de sus propios proyectos, Sergio de Miguel ha colaborado ampliamente como pianista, arreglista y compositor en una gran variedad de contextos \u2014desde conjuntos de jazz y grupos de c\u00e1mara hasta bandas sonoras y grabaciones de estudio. Su trabajo abarca el jazz, el latin jazz, el pop y la m\u00fasica alternativa, colaborando con artistas y productores de Europa, Estados Unidos y Latinoam\u00e9rica. Estas experiencias reflejan su enfoque abierto y exploratorio hacia el sonido, siempre arraigado en el di\u00e1logo musical y la narraci\u00f3n.<\/p>\t\t\t\t\t\t\t\t<\/div>\n\t\t\t\t<\/div>\n\t\t\t\t\t<\/div>\n\t\t<\/div>\n\t\t\t\t\t<\/div>\n\t\t<\/section>\n\t\t\t\t<section class=\"elementor-section elementor-top-section elementor-element elementor-element-338826d elementor-section-boxed elementor-section-height-default elementor-section-height-default\" data-id=\"338826d\" data-element_type=\"section\">\n\t\t\t\t\t\t<div class=\"elementor-container elementor-column-gap-default\">\n\t\t\t\t\t<div class=\"elementor-column elementor-col-33 elementor-top-column elementor-element elementor-element-e660f94\" data-id=\"e660f94\" data-element_type=\"column\">\n\t\t\t<div class=\"elementor-widget-wrap elementor-element-populated\">\n\t\t\t\t\t\t<div class=\"elementor-element elementor-element-9d865d4 elementor-widget__width-initial elementor-widget elementor-widget-image\" data-id=\"9d865d4\" data-element_type=\"widget\" data-widget_type=\"image.default\">\n\t\t\t\t<div class=\"elementor-widget-container\">\n\t\t\t\t\t\t\t\t\t\t\t\t<figure class=\"wp-caption\">\n\t\t\t\t\t\t\t\t\t\t\t<a href=\"https:\/\/open.spotify.com\/track\/4nqYhll4QTNlc9mfTBCmGW?si=8d8bc0df90bb4af1\">\n\t\t\t\t\t\t\t<img fetchpriority=\"high\" decoding=\"async\" width=\"740\" height=\"738\" src=\"https:\/\/sergiodemiguelmusic.com\/wp-content\/uploads\/2025\/10\/Screen-Shot-2025-10-20-at-6.44.59-PM-1024x1021.png\" class=\"attachment-large size-large wp-image-1561\" alt=\"\" srcset=\"https:\/\/sergiodemiguelmusic.com\/wp-content\/uploads\/2025\/10\/Screen-Shot-2025-10-20-at-6.44.59-PM-1024x1021.png 1024w, https:\/\/sergiodemiguelmusic.com\/wp-content\/uploads\/2025\/10\/Screen-Shot-2025-10-20-at-6.44.59-PM-300x300.png 300w, https:\/\/sergiodemiguelmusic.com\/wp-content\/uploads\/2025\/10\/Screen-Shot-2025-10-20-at-6.44.59-PM-150x150.png 150w, https:\/\/sergiodemiguelmusic.com\/wp-content\/uploads\/2025\/10\/Screen-Shot-2025-10-20-at-6.44.59-PM-768x766.png 768w, https:\/\/sergiodemiguelmusic.com\/wp-content\/uploads\/2025\/10\/Screen-Shot-2025-10-20-at-6.44.59-PM-12x12.png 12w, https:\/\/sergiodemiguelmusic.com\/wp-content\/uploads\/2025\/10\/Screen-Shot-2025-10-20-at-6.44.59-PM-100x100.png 100w, https:\/\/sergiodemiguelmusic.com\/wp-content\/uploads\/2025\/10\/Screen-Shot-2025-10-20-at-6.44.59-PM-250x250.png 250w, https:\/\/sergiodemiguelmusic.com\/wp-content\/uploads\/2025\/10\/Screen-Shot-2025-10-20-at-6.44.59-PM-350x349.png 350w, https:\/\/sergiodemiguelmusic.com\/wp-content\/uploads\/2025\/10\/Screen-Shot-2025-10-20-at-6.44.59-PM.png 1282w\" sizes=\"100vw\" \/>\t\t\t\t\t\t\t\t<\/a>\n\t\t\t\t\t\t\t\t\t\t\t<figcaption class=\"widget-image-caption wp-caption-text\">Arreglos de Cuerdas, Grabaci\u00f3n de Piano<\/figcaption>\n\t\t\t\t\t\t\t\t\t\t<\/figure>\n\t\t\t\t\t\t\t\t\t<\/div>\n\t\t\t\t<\/div>\n\t\t\t\t\t<\/div>\n\t\t<\/div>\n\t\t\t\t<div class=\"elementor-column elementor-col-33 elementor-top-column elementor-element elementor-element-5cdb0e8\" data-id=\"5cdb0e8\" data-element_type=\"column\">\n\t\t\t<div class=\"elementor-widget-wrap elementor-element-populated\">\n\t\t\t\t\t\t<div class=\"elementor-element elementor-element-8723d2c elementor-widget__width-initial elementor-widget elementor-widget-image\" data-id=\"8723d2c\" data-element_type=\"widget\" data-widget_type=\"image.default\">\n\t\t\t\t<div class=\"elementor-widget-container\">\n\t\t\t\t\t\t\t\t\t\t\t\t<figure class=\"wp-caption\">\n\t\t\t\t\t\t\t\t\t\t\t<a href=\"https:\/\/open.spotify.com\/album\/0UpXRGEj1TSMGYb9tld20m?si=yp02LTCFQKSEPWP3zBgqTw\">\n\t\t\t\t\t\t\t<img decoding=\"async\" width=\"740\" height=\"746\" src=\"https:\/\/sergiodemiguelmusic.com\/wp-content\/uploads\/2025\/10\/Screen-Shot-2025-10-20-at-6.47.21-PM-1016x1024.png\" class=\"attachment-large size-large wp-image-1562\" alt=\"\" srcset=\"https:\/\/sergiodemiguelmusic.com\/wp-content\/uploads\/2025\/10\/Screen-Shot-2025-10-20-at-6.47.21-PM-1016x1024.png 1016w, https:\/\/sergiodemiguelmusic.com\/wp-content\/uploads\/2025\/10\/Screen-Shot-2025-10-20-at-6.47.21-PM-298x300.png 298w, https:\/\/sergiodemiguelmusic.com\/wp-content\/uploads\/2025\/10\/Screen-Shot-2025-10-20-at-6.47.21-PM-150x150.png 150w, https:\/\/sergiodemiguelmusic.com\/wp-content\/uploads\/2025\/10\/Screen-Shot-2025-10-20-at-6.47.21-PM-768x774.png 768w, https:\/\/sergiodemiguelmusic.com\/wp-content\/uploads\/2025\/10\/Screen-Shot-2025-10-20-at-6.47.21-PM-12x12.png 12w, https:\/\/sergiodemiguelmusic.com\/wp-content\/uploads\/2025\/10\/Screen-Shot-2025-10-20-at-6.47.21-PM-100x100.png 100w, https:\/\/sergiodemiguelmusic.com\/wp-content\/uploads\/2025\/10\/Screen-Shot-2025-10-20-at-6.47.21-PM-350x353.png 350w, https:\/\/sergiodemiguelmusic.com\/wp-content\/uploads\/2025\/10\/Screen-Shot-2025-10-20-at-6.47.21-PM.png 1268w\" sizes=\"100vw\" \/>\t\t\t\t\t\t\t\t<\/a>\n\t\t\t\t\t\t\t\t\t\t\t<figcaption class=\"widget-image-caption wp-caption-text\">Arreglos, Composici\u00f3n, Grabaci\u00f3n de Piano<\/figcaption>\n\t\t\t\t\t\t\t\t\t\t<\/figure>\n\t\t\t\t\t\t\t\t\t<\/div>\n\t\t\t\t<\/div>\n\t\t\t\t\t<\/div>\n\t\t<\/div>\n\t\t\t\t<div class=\"elementor-column elementor-col-33 elementor-top-column elementor-element elementor-element-ac6eade\" data-id=\"ac6eade\" data-element_type=\"column\">\n\t\t\t<div class=\"elementor-widget-wrap elementor-element-populated\">\n\t\t\t\t\t\t<div class=\"elementor-element elementor-element-f091875 elementor-widget__width-initial elementor-widget elementor-widget-image\" data-id=\"f091875\" data-element_type=\"widget\" data-widget_type=\"image.default\">\n\t\t\t\t<div class=\"elementor-widget-container\">\n\t\t\t\t\t\t\t\t\t\t\t\t<figure class=\"wp-caption\">\n\t\t\t\t\t\t\t\t\t\t\t<a href=\"https:\/\/open.spotify.com\/album\/6JQuFJfdzKriIXvUjkuK0Y?si=UEy1jQ2ZSQKSrWwieHdOjA\">\n\t\t\t\t\t\t\t<img decoding=\"async\" width=\"740\" height=\"734\" src=\"https:\/\/sergiodemiguelmusic.com\/wp-content\/uploads\/2025\/10\/Screen-Shot-2025-10-20-at-6.53.45-PM.png\" class=\"attachment-large size-large wp-image-1564\" alt=\"\" srcset=\"https:\/\/sergiodemiguelmusic.com\/wp-content\/uploads\/2025\/10\/Screen-Shot-2025-10-20-at-6.53.45-PM.png 780w, https:\/\/sergiodemiguelmusic.com\/wp-content\/uploads\/2025\/10\/Screen-Shot-2025-10-20-at-6.53.45-PM-300x298.png 300w, https:\/\/sergiodemiguelmusic.com\/wp-content\/uploads\/2025\/10\/Screen-Shot-2025-10-20-at-6.53.45-PM-150x150.png 150w, https:\/\/sergiodemiguelmusic.com\/wp-content\/uploads\/2025\/10\/Screen-Shot-2025-10-20-at-6.53.45-PM-768x762.png 768w, https:\/\/sergiodemiguelmusic.com\/wp-content\/uploads\/2025\/10\/Screen-Shot-2025-10-20-at-6.53.45-PM-12x12.png 12w, https:\/\/sergiodemiguelmusic.com\/wp-content\/uploads\/2025\/10\/Screen-Shot-2025-10-20-at-6.53.45-PM-100x100.png 100w, https:\/\/sergiodemiguelmusic.com\/wp-content\/uploads\/2025\/10\/Screen-Shot-2025-10-20-at-6.53.45-PM-350x347.png 350w\" sizes=\"100vw\" \/>\t\t\t\t\t\t\t\t<\/a>\n\t\t\t\t\t\t\t\t\t\t\t<figcaption class=\"widget-image-caption wp-caption-text\">Grabaci\u00f3n de Piano<\/figcaption>\n\t\t\t\t\t\t\t\t\t\t<\/figure>\n\t\t\t\t\t\t\t\t\t<\/div>\n\t\t\t\t<\/div>\n\t\t\t\t\t<\/div>\n\t\t<\/div>\n\t\t\t\t\t<\/div>\n\t\t<\/section>\n\t\t\t\t<\/div>","protected":false},"excerpt":{"rendered":"<p>Sergio de Miguel\u2019s original music fuses his Galician roots with jazz, flamenco, classical and contemporary music, as well as Latin and other world influences. His recent project \u201cAtl\u00e1ntida\u201d (2023) distills a wide range of influences\u2014from traditional Galician music, flamenco, and classical and contemporary sounds, to modern and traditional jazz figures such as Brad Mehldau, Bill &hellip; <\/p>\n<p class=\"link-more\"><a href=\"https:\/\/sergiodemiguelmusic.com\/es\/projects\" class=\"more-link\">Continuar leyendo<span class=\"screen-reader-text\"> &#8220;PROJECTS&#8221;<\/span><\/a><\/p>","protected":false},"author":1,"featured_media":0,"parent":0,"menu_order":0,"comment_status":"closed","ping_status":"closed","template":"","meta":{"_monsterinsights_skip_tracking":false,"_monsterinsights_sitenote_active":false,"_monsterinsights_sitenote_note":"","_monsterinsights_sitenote_category":0,"_uf_show_specific_survey":0,"_uf_disable_surveys":false,"footnotes":""},"class_list":["post-219","page","type-page","status-publish","hentry"],"aioseo_notices":[],"jetpack_sharing_enabled":true,"_links":{"self":[{"href":"https:\/\/sergiodemiguelmusic.com\/es\/wp-json\/wp\/v2\/pages\/219","targetHints":{"allow":["GET"]}}],"collection":[{"href":"https:\/\/sergiodemiguelmusic.com\/es\/wp-json\/wp\/v2\/pages"}],"about":[{"href":"https:\/\/sergiodemiguelmusic.com\/es\/wp-json\/wp\/v2\/types\/page"}],"author":[{"embeddable":true,"href":"https:\/\/sergiodemiguelmusic.com\/es\/wp-json\/wp\/v2\/users\/1"}],"replies":[{"embeddable":true,"href":"https:\/\/sergiodemiguelmusic.com\/es\/wp-json\/wp\/v2\/comments?post=219"}],"version-history":[{"count":43,"href":"https:\/\/sergiodemiguelmusic.com\/es\/wp-json\/wp\/v2\/pages\/219\/revisions"}],"predecessor-version":[{"id":1567,"href":"https:\/\/sergiodemiguelmusic.com\/es\/wp-json\/wp\/v2\/pages\/219\/revisions\/1567"}],"wp:attachment":[{"href":"https:\/\/sergiodemiguelmusic.com\/es\/wp-json\/wp\/v2\/media?parent=219"}],"curies":[{"name":"wp","href":"https:\/\/api.w.org\/{rel}","templated":true}]}}