{"id":2,"date":"2017-08-15T20:12:41","date_gmt":"2017-08-15T20:12:41","guid":{"rendered":"http:\/\/sergiodemiguel.net\/?page_id=2"},"modified":"2025-09-30T09:22:25","modified_gmt":"2025-09-30T09:22:25","slug":"about","status":"publish","type":"page","link":"https:\/\/sergiodemiguelmusic.com\/es\/about","title":{"rendered":"ACERCA DE"},"content":{"rendered":"<div data-elementor-type=\"wp-page\" data-elementor-id=\"2\" class=\"elementor elementor-2\">\n\t\t\t\t\t\t<section class=\"elementor-section elementor-top-section elementor-element elementor-element-745eadc9 elementor-section-boxed elementor-section-height-default elementor-section-height-default\" data-id=\"745eadc9\" data-element_type=\"section\">\n\t\t\t\t\t\t<div class=\"elementor-container elementor-column-gap-default\">\n\t\t\t\t\t<div class=\"elementor-column elementor-col-100 elementor-top-column elementor-element elementor-element-37d5cd4b\" data-id=\"37d5cd4b\" data-element_type=\"column\">\n\t\t\t<div class=\"elementor-widget-wrap elementor-element-populated\">\n\t\t\t\t\t\t<div class=\"elementor-element elementor-element-4cf4507b elementor-widget elementor-widget-text-editor\" data-id=\"4cf4507b\" data-element_type=\"widget\" data-widget_type=\"text-editor.default\">\n\t\t\t\t<div class=\"elementor-widget-container\">\n\t\t\t\t\t\t\t\t\t<p data-start=\"168\" data-end=\"640\"><strong>Sergio de Miguel<\/strong> es un pianista y compositor espa\u00f1ol originario de Vigo, Galicia, actualmente radicado en Los \u00c1ngeles. Fusiona sus ra\u00edces gallegas y espa\u00f1olas con elementos del jazz, el flamenco, la m\u00fasica cl\u00e1sica y contempor\u00e1nea, as\u00ed como influencias de la m\u00fasica del mundo. Cree que las melod\u00edas poseen una poderosa capacidad narrativa, capaz de expresar emociones que las palabras no pueden, un principio que procura incorporar en su m\u00fasica, dot\u00e1ndola de una profundidad emocional y una riqueza cultural distintivas.<\/p><p data-start=\"642\" data-end=\"1154\" class=\"translation-block\">Es ganador de reconocimientos internacionales, entre ellos el ASCAP Foundation Herb Alpert Young Jazz Composer Award (2024), m\u00faltiples premios de la revista Downbeat (Mejor Peque\u00f1o Combo de Jazz en 2022 y 2023), el Yamaha Young Performing Artist Award (2022) y distinciones de Berklee College of Music, incluyendo el Piano Department Chair Award (2022) y el Jazz Performance Award (2021). En 2019, recibi\u00f3 la beca \u201cProdigy\u201d de la Latin Grammy Cultural Foundation, otorgada por Emilio y Gloria Estefan.<\/p>\t\t\t\t\t\t\t\t<\/div>\n\t\t\t\t<\/div>\n\t\t\t\t\t<\/div>\n\t\t<\/div>\n\t\t\t\t\t<\/div>\n\t\t<\/section>\n\t\t\t\t<section class=\"elementor-section elementor-top-section elementor-element elementor-element-0f31f2f elementor-section-boxed elementor-section-height-default elementor-section-height-default\" data-id=\"0f31f2f\" data-element_type=\"section\">\n\t\t\t\t\t\t<div class=\"elementor-container elementor-column-gap-default\">\n\t\t\t\t\t<div class=\"elementor-column elementor-col-100 elementor-top-column elementor-element elementor-element-8305046\" data-id=\"8305046\" data-element_type=\"column\">\n\t\t\t<div class=\"elementor-widget-wrap elementor-element-populated\">\n\t\t\t\t\t\t<div class=\"elementor-element elementor-element-c85404d elementor-widget elementor-widget-image\" data-id=\"c85404d\" data-element_type=\"widget\" data-widget_type=\"image.default\">\n\t\t\t\t<div class=\"elementor-widget-container\">\n\t\t\t\t\t\t\t\t\t\t\t\t\t\t\t<img fetchpriority=\"high\" decoding=\"async\" width=\"740\" height=\"494\" src=\"https:\/\/sergiodemiguelmusic.com\/wp-content\/uploads\/2023\/06\/95C8018-1024x683.jpg\" class=\"attachment-large size-large wp-image-1040\" alt=\"\" srcset=\"https:\/\/sergiodemiguelmusic.com\/wp-content\/uploads\/2023\/06\/95C8018-1024x683.jpg 1024w, https:\/\/sergiodemiguelmusic.com\/wp-content\/uploads\/2023\/06\/95C8018-scaled-350x233.jpg 350w, https:\/\/sergiodemiguelmusic.com\/wp-content\/uploads\/2023\/06\/95C8018-300x200.jpg 300w, https:\/\/sergiodemiguelmusic.com\/wp-content\/uploads\/2023\/06\/95C8018-768x512.jpg 768w, https:\/\/sergiodemiguelmusic.com\/wp-content\/uploads\/2023\/06\/95C8018-1536x1024.jpg 1536w, https:\/\/sergiodemiguelmusic.com\/wp-content\/uploads\/2023\/06\/95C8018-2048x1365.jpg 2048w, https:\/\/sergiodemiguelmusic.com\/wp-content\/uploads\/2023\/06\/95C8018-18x12.jpg 18w\" sizes=\"100vw\" \/>\t\t\t\t\t\t\t\t\t\t\t\t\t\t\t<\/div>\n\t\t\t\t<\/div>\n\t\t\t\t\t<\/div>\n\t\t<\/div>\n\t\t\t\t\t<\/div>\n\t\t<\/section>\n\t\t\t\t<section class=\"elementor-section elementor-top-section elementor-element elementor-element-144acf4 elementor-section-boxed elementor-section-height-default elementor-section-height-default\" data-id=\"144acf4\" data-element_type=\"section\">\n\t\t\t\t\t\t<div class=\"elementor-container elementor-column-gap-default\">\n\t\t\t\t\t<div class=\"elementor-column elementor-col-100 elementor-top-column elementor-element elementor-element-5ae72f4\" data-id=\"5ae72f4\" data-element_type=\"column\">\n\t\t\t<div class=\"elementor-widget-wrap elementor-element-populated\">\n\t\t\t\t\t\t<div class=\"elementor-element elementor-element-c5a7a0c elementor-widget elementor-widget-text-editor\" data-id=\"c5a7a0c\" data-element_type=\"widget\" data-widget_type=\"text-editor.default\">\n\t\t\t\t<div class=\"elementor-widget-container\">\n\t\t\t\t\t\t\t\t\t<p data-start=\"1156\" data-end=\"1847\">Sergio has appeared at renowned <strong>stages<\/strong> such as the Michelob Ultra Arena in Las Vegas (23rd Annual Latin GRAMMY Awards), the Wang Theater and Agganis Arena in Boston, the Emmens Auditorium in Indianapolis, and the Latin Recording Academy in Miami. He has also performed in respected jazz <strong>venues<\/strong> including Jamboree Jazz Club (Barcelona, SP), Clarence Jazz Club (Torremolinos, SP), and Wally\u2019s Caf\u00e9 (Boston, MA), as well as festivals like Munijazz (La Rioja, ES), CanJazz, and Nigr\u00e1nJazz. He has arranged and recorded for projects across the United States and Europe, including his role as arranger and pianist in <em data-start=\"1767\" data-end=\"1788\">De magia imperfecta<\/em> by Nicolle Horbath, a work nominated for a Latin GRAMMY.<\/p>\n<p data-start=\"1849\" data-end=\"2607\" class=\"translation-block\">Sergio se gradu\u00f3 del Berklee College of Music (Boston, MA) con una doble titulaci\u00f3n en Interpretaci\u00f3n de Piano y Composici\u00f3n para Cine, gracias a la beca completa \u201cProdigy\u201d otorgada por la Latin Grammy Cultural Foundation. En mayo de 2025 complet\u00f3 su Maestr\u00eda en Composici\u00f3n Musical para Pantalla (Master of Fine Arts in Music Composition for the Screen) en Columbia College Chicago. En los \u00faltimos a\u00f1os ha compuesto la m\u00fasica de varios cortometrajes y busca ampliar su experiencia sumergi\u00e9ndose en la industria de Hollywood y colaborando con profesionales talentosos para seguir creciendo como compositor. Inici\u00f3 su carrera profesional trabajando con el equipo musical de Michael Abels y ha estudiado con reconocidos artistas como Kenny Barron, Aaron Parks, Fred Hersch y Billy Childs.<\/p>\n<p data-start=\"2609\" data-end=\"3058\" class=\"translation-block\">En abril de 2023, Sergio lanz\u00f3 su \u00e1lbum debut Atl\u00e1ntida, un proyecto que fusiona la m\u00fasica tradicional gallega con el flamenco, el jazz, la m\u00fasica del mundo y elementos de la m\u00fasica cl\u00e1sica y contempor\u00e1nea. Una de las principales caracter\u00edsticas del \u00e1lbum es su diversidad cultural, al contar con m\u00fasicos de Espa\u00f1a, Estados Unidos, Rep\u00fablica Dominicana, Bulgaria, Colombia, Jap\u00f3n, Cuba y Brasil, quienes aportan su esencia \u00fanica para crear un sonido distintivo y multicultural.<\/p>\t\t\t\t\t\t\t\t<\/div>\n\t\t\t\t<\/div>\n\t\t\t\t\t<\/div>\n\t\t<\/div>\n\t\t\t\t\t<\/div>\n\t\t<\/section>\n\t\t\t\t<section class=\"elementor-section elementor-top-section elementor-element elementor-element-9b04b5e elementor-section-boxed elementor-section-height-default elementor-section-height-default\" data-id=\"9b04b5e\" data-element_type=\"section\">\n\t\t\t\t\t\t<div class=\"elementor-container elementor-column-gap-default\">\n\t\t\t\t\t<div class=\"elementor-column elementor-col-100 elementor-top-column elementor-element elementor-element-93f1a17\" data-id=\"93f1a17\" data-element_type=\"column\">\n\t\t\t<div class=\"elementor-widget-wrap elementor-element-populated\">\n\t\t\t\t\t\t<div class=\"elementor-element elementor-element-e05d679 elementor-widget elementor-widget-image-carousel\" data-id=\"e05d679\" data-element_type=\"widget\" data-settings=\"{&quot;slides_to_show&quot;:&quot;1&quot;,&quot;navigation&quot;:&quot;none&quot;,&quot;autoplay_speed&quot;:2500,&quot;effect&quot;:&quot;fade&quot;,&quot;speed&quot;:1500,&quot;autoplay&quot;:&quot;yes&quot;,&quot;pause_on_hover&quot;:&quot;yes&quot;,&quot;pause_on_interaction&quot;:&quot;yes&quot;,&quot;infinite&quot;:&quot;yes&quot;}\" data-widget_type=\"image-carousel.default\">\n\t\t\t\t<div class=\"elementor-widget-container\">\n\t\t\t\t\t\t\t<div class=\"elementor-image-carousel-wrapper swiper\" role=\"region\" aria-roledescription=\"carousel\" aria-label=\"Image Carousel\" dir=\"ltr\">\n\t\t\t<div class=\"elementor-image-carousel swiper-wrapper\" aria-live=\"off\">\n\t\t\t\t\t\t\t\t<div class=\"swiper-slide\" role=\"group\" aria-roledescription=\"slide\" aria-label=\"1 of 4\"><figure class=\"swiper-slide-inner\"><img decoding=\"async\" class=\"swiper-slide-image\" src=\"https:\/\/sergiodemiguelmusic.com\/wp-content\/uploads\/2023\/06\/c556c872-5be2-4606-969f-6afd8a268c07-1024x683.jpg\" alt=\"c556c872-5be2-4606-969f-6afd8a268c07\" \/><\/figure><\/div><div class=\"swiper-slide\" role=\"group\" aria-roledescription=\"slide\" aria-label=\"2 of 4\"><figure class=\"swiper-slide-inner\"><img decoding=\"async\" class=\"swiper-slide-image\" src=\"https:\/\/sergiodemiguelmusic.com\/wp-content\/uploads\/2023\/06\/cropped-cropped-70eb5550-7480-425e-966c-fcb8a6c8b28f-scaled-1-1024x614.jpg\" alt=\"cropped-cropped-70eb5550-7480-425e-966c-fcb8a6c8b28f-scaled-1.jpg\" \/><\/figure><\/div><div class=\"swiper-slide\" role=\"group\" aria-roledescription=\"slide\" aria-label=\"3 of 4\"><figure class=\"swiper-slide-inner\"><img decoding=\"async\" class=\"swiper-slide-image\" src=\"https:\/\/sergiodemiguelmusic.com\/wp-content\/uploads\/2023\/06\/95C8018-1024x683.jpg\" alt=\"_95C8018\" \/><\/figure><\/div><div class=\"swiper-slide\" role=\"group\" aria-roledescription=\"slide\" aria-label=\"4 of 4\"><figure class=\"swiper-slide-inner\"><img decoding=\"async\" class=\"swiper-slide-image\" src=\"https:\/\/sergiodemiguelmusic.com\/wp-content\/uploads\/2023\/06\/cropped-95C7846-scaled-1-1024x614.jpg\" alt=\"cropped-95C7846-scaled-1.jpg\" \/><\/figure><\/div>\t\t\t<\/div>\n\t\t\t\t\t\t\t\n\t\t\t\t\t\t\t\t\t<\/div>\n\t\t\t\t\t\t<\/div>\n\t\t\t\t<\/div>\n\t\t\t\t\t<\/div>\n\t\t<\/div>\n\t\t\t\t\t<\/div>\n\t\t<\/section>\n\t\t\t\t<section class=\"elementor-section elementor-top-section elementor-element elementor-element-364c0ec elementor-section-boxed elementor-section-height-default elementor-section-height-default\" data-id=\"364c0ec\" data-element_type=\"section\">\n\t\t\t\t\t\t<div class=\"elementor-container elementor-column-gap-default\">\n\t\t\t\t\t<div class=\"elementor-column elementor-col-100 elementor-top-column elementor-element elementor-element-86ff82b\" data-id=\"86ff82b\" data-element_type=\"column\">\n\t\t\t<div class=\"elementor-widget-wrap elementor-element-populated\">\n\t\t\t\t\t\t<div class=\"elementor-element elementor-element-7e02dee elementor-widget elementor-widget-text-editor\" data-id=\"7e02dee\" data-element_type=\"widget\" data-widget_type=\"text-editor.default\">\n\t\t\t\t<div class=\"elementor-widget-container\">\n\t\t\t\t\t\t\t\t\t<p><span style=\"color: var( --e-global-color-text ); font-family: var( --e-global-typography-text-font-family ), Sans-serif; font-size: 1.875rem; font-weight: bold;\">PREMIOS<\/span><\/p><p><span style=\"font-weight: bold;\">2024 ASCAP FOUNDATION &#8220;HERB ALPERT&#8221; YOUNG JAZZ COMPOSER AWARD<br \/><\/span>New York, NY (USA), 2024<br \/>2024 ASCAP Foundation &#8220;Herb Alpert&#8221; Young Jazz Composer Award<\/p><p><span style=\"font-weight: bold;\">10\u00ba PREMIOS MARTIN C\u00d3DAX DA M\u00daSICA &#8211; &#8220;ARTISTA EMERGENTE&#8221;<br \/><\/span>Pontevedra, Galicia (ES), 2023<br \/>10<span style=\"font-weight: bold;\">\u00ba\u00a0<\/span>Premios Martin C\u00f3dax da M\u00fasica &#8211; Ganador &#8220;Artista Emerxente&#8221;<\/p><p><span style=\"font-weight: bold;\">2023 DOWNBEAT MAGAZINE AWARDS &#8211; &#8220;BEST SMALL JAZZ COMBO&#8221;<br \/><\/span>Chicago, IL (USA)<br \/>46th DownBeat Annual Student Music Awards &#8211; Ganador &#8220;Small Jazz Combo&#8221;<\/p><p><span style=\"font-weight: bold;\">2022 DOWNBEAT MAGAZINE AWARDS &#8211; &#8220;BEST SMALL JAZZ COMBO&#8221;<br \/><\/span>Chicago, IL (US)<br \/>45th DownBeat Annual Student Music Awards &#8211; Ganador &#8220;Small Jazz Combo&#8221;<\/p><p><span style=\"font-weight: bold;\">YAMAHA YOUNG PERFORMING ARTIST<\/span><br \/>Indianapolis, IN (USA)<br \/>2022 Yamaha Young Performing Artist Competition &#8211; Ganador<\/p><p><span style=\"font-weight: bold;\">BERKLEE PIANO DEPARTMENT CHAIR AWARD<\/span><br \/>Boston, MA (USA)<br \/>2022 Berklee Piano Department Chair Award<\/p><p><span style=\"font-weight: bold;\">BERKLEE JAZZ PERFORMANCE AWARD<\/span><br \/>Boston, MA (USA)<br \/>2021 Berklee Jazz Performance Award<\/p><p><span style=\"font-weight: bold;\">BECA &#8220;PRODIGIO&#8221; FUNDACI\u00d3N CULTURAL LATIN GRAMMY<\/span><br \/>Miami, FL (USA)<br \/>Ganador Beca Prodigio 2019 &#8211; Fundaci\u00f3n Cultural Latin Grammy<\/p>\t\t\t\t\t\t\t\t<\/div>\n\t\t\t\t<\/div>\n\t\t\t\t\t<\/div>\n\t\t<\/div>\n\t\t\t\t\t<\/div>\n\t\t<\/section>\n\t\t\t\t<\/div>","protected":false},"excerpt":{"rendered":"<p>Sergio de Miguel is a Spanish pianist and composer from Vigo, Galicia, now based in Los Angeles. He blends his Galician and Spanish roots with jazz, flamenco, and classical and contemporary music elements, as well as influences from world music. He believes that melodies have a powerful storytelling quality capable of expressing emotions words cannot, &hellip; <\/p>\n<p class=\"link-more\"><a href=\"https:\/\/sergiodemiguelmusic.com\/es\/about\" class=\"more-link\">Continuar leyendo<span class=\"screen-reader-text\"> &#8220;ABOUT&#8221;<\/span><\/a><\/p>","protected":false},"author":1,"featured_media":0,"parent":0,"menu_order":1,"comment_status":"closed","ping_status":"closed","template":"","meta":{"_monsterinsights_skip_tracking":false,"_monsterinsights_sitenote_active":false,"_monsterinsights_sitenote_note":"","_monsterinsights_sitenote_category":0,"_uf_show_specific_survey":0,"_uf_disable_surveys":false,"footnotes":""},"class_list":["post-2","page","type-page","status-publish","hentry"],"aioseo_notices":[],"jetpack_sharing_enabled":true,"_links":{"self":[{"href":"https:\/\/sergiodemiguelmusic.com\/es\/wp-json\/wp\/v2\/pages\/2","targetHints":{"allow":["GET"]}}],"collection":[{"href":"https:\/\/sergiodemiguelmusic.com\/es\/wp-json\/wp\/v2\/pages"}],"about":[{"href":"https:\/\/sergiodemiguelmusic.com\/es\/wp-json\/wp\/v2\/types\/page"}],"author":[{"embeddable":true,"href":"https:\/\/sergiodemiguelmusic.com\/es\/wp-json\/wp\/v2\/users\/1"}],"replies":[{"embeddable":true,"href":"https:\/\/sergiodemiguelmusic.com\/es\/wp-json\/wp\/v2\/comments?post=2"}],"version-history":[{"count":199,"href":"https:\/\/sergiodemiguelmusic.com\/es\/wp-json\/wp\/v2\/pages\/2\/revisions"}],"predecessor-version":[{"id":1488,"href":"https:\/\/sergiodemiguelmusic.com\/es\/wp-json\/wp\/v2\/pages\/2\/revisions\/1488"}],"wp:attachment":[{"href":"https:\/\/sergiodemiguelmusic.com\/es\/wp-json\/wp\/v2\/media?parent=2"}],"curies":[{"name":"wp","href":"https:\/\/api.w.org\/{rel}","templated":true}]}}