{"id":1169,"date":"2025-06-04T01:21:41","date_gmt":"2025-06-04T01:21:41","guid":{"rendered":"https:\/\/sergiodemiguelmusic.com\/?page_id=1169"},"modified":"2026-02-09T06:29:19","modified_gmt":"2026-02-09T06:29:19","slug":"music-for-media","status":"publish","type":"page","link":"https:\/\/sergiodemiguelmusic.com\/es\/music-for-media","title":{"rendered":"M\u00fasica para Media"},"content":{"rendered":"<div data-elementor-type=\"wp-page\" data-elementor-id=\"1169\" class=\"elementor elementor-1169\">\n\t\t\t\t\t\t<section class=\"elementor-section elementor-top-section elementor-element elementor-element-88da98c elementor-section-boxed elementor-section-height-default elementor-section-height-default\" data-id=\"88da98c\" data-element_type=\"section\">\n\t\t\t\t\t\t<div class=\"elementor-container elementor-column-gap-default\">\n\t\t\t\t\t<div class=\"elementor-column elementor-col-100 elementor-top-column elementor-element elementor-element-0c70555\" data-id=\"0c70555\" data-element_type=\"column\">\n\t\t\t<div class=\"elementor-widget-wrap elementor-element-populated\">\n\t\t\t\t\t\t<div class=\"elementor-element elementor-element-e3c7ed5 elementor-arrows-position-inside elementor-pagination-position-outside elementor-widget elementor-widget-image-carousel\" data-id=\"e3c7ed5\" data-element_type=\"widget\" data-settings=\"{&quot;slides_to_show&quot;:&quot;1&quot;,&quot;autoplay_speed&quot;:9000,&quot;navigation&quot;:&quot;both&quot;,&quot;autoplay&quot;:&quot;yes&quot;,&quot;pause_on_hover&quot;:&quot;yes&quot;,&quot;pause_on_interaction&quot;:&quot;yes&quot;,&quot;infinite&quot;:&quot;yes&quot;,&quot;effect&quot;:&quot;slide&quot;,&quot;speed&quot;:500}\" data-widget_type=\"image-carousel.default\">\n\t\t\t\t<div class=\"elementor-widget-container\">\n\t\t\t\t\t\t\t<div class=\"elementor-image-carousel-wrapper swiper\" role=\"region\" aria-roledescription=\"carousel\" aria-label=\"Image Carousel\" dir=\"ltr\">\n\t\t\t<div class=\"elementor-image-carousel swiper-wrapper\" aria-live=\"off\">\n\t\t\t\t\t\t\t\t<div class=\"swiper-slide\" role=\"group\" aria-roledescription=\"slide\" aria-label=\"1 de 3\" data-no-translation-aria-label=\"\"><figure class=\"swiper-slide-inner\"><img decoding=\"async\" class=\"swiper-slide-image\" src=\"https:\/\/sergiodemiguelmusic.com\/wp-content\/uploads\/2025\/09\/2025-06-23-12.36.02-copy-1-2048x1443.jpg\" alt=\"2025-06-23 12.36.02 copy\" \/><\/figure><\/div><div class=\"swiper-slide\" role=\"group\" aria-roledescription=\"slide\" aria-label=\"2 de 3\" data-no-translation-aria-label=\"\"><figure class=\"swiper-slide-inner\"><img decoding=\"async\" class=\"swiper-slide-image\" src=\"https:\/\/sergiodemiguelmusic.com\/wp-content\/uploads\/2025\/09\/2025-06-23-12.32.49-1-2048x1365.jpg\" alt=\"2025-06-23 12.32.49\" \/><\/figure><\/div><div class=\"swiper-slide\" role=\"group\" aria-roledescription=\"slide\" aria-label=\"3 de 3\" data-no-translation-aria-label=\"\"><figure class=\"swiper-slide-inner\"><img decoding=\"async\" class=\"swiper-slide-image\" src=\"https:\/\/sergiodemiguelmusic.com\/wp-content\/uploads\/2025\/09\/2025-06-23-12.45.47-2-2048x1365.jpg\" alt=\"2025-06-23 12.45.47\" \/><\/figure><\/div>\t\t\t<\/div>\n\t\t\t\t\t\t\t\t\t\t\t\t<div class=\"elementor-swiper-button elementor-swiper-button-prev\" role=\"button\" tabindex=\"0\">\n\t\t\t\t\t\t<i aria-hidden=\"true\" class=\"eicon-chevron-left\"><\/i>\t\t\t\t\t<\/div>\n\t\t\t\t\t<div class=\"elementor-swiper-button elementor-swiper-button-next\" role=\"button\" tabindex=\"0\">\n\t\t\t\t\t\t<i aria-hidden=\"true\" class=\"eicon-chevron-right\"><\/i>\t\t\t\t\t<\/div>\n\t\t\t\t\n\t\t\t\t\t\t\t\t\t<div class=\"swiper-pagination\"><\/div>\n\t\t\t\t\t\t\t\t\t<\/div>\n\t\t\t\t\t\t<\/div>\n\t\t\t\t<\/div>\n\t\t\t\t\t<\/div>\n\t\t<\/div>\n\t\t\t\t\t<\/div>\n\t\t<\/section>\n\t\t\t\t<section class=\"elementor-section elementor-top-section elementor-element elementor-element-f988b10 elementor-section-boxed elementor-section-height-default elementor-section-height-default\" data-id=\"f988b10\" data-element_type=\"section\">\n\t\t\t\t\t\t<div class=\"elementor-container elementor-column-gap-default\">\n\t\t\t\t\t<div class=\"elementor-column elementor-col-100 elementor-top-column elementor-element elementor-element-143a7d4\" data-id=\"143a7d4\" data-element_type=\"column\">\n\t\t\t<div class=\"elementor-widget-wrap elementor-element-populated\">\n\t\t\t\t\t\t<div class=\"elementor-element elementor-element-2817478 elementor-widget elementor-widget-wp-widget-media_audio\" data-id=\"2817478\" data-element_type=\"widget\" data-widget_type=\"wp-widget-media_audio.default\">\n\t\t\t\t<div class=\"elementor-widget-container\">\n\t\t\t\t\t<!--[if lt IE 9]><script>document.createElement('audio');<\/script><![endif]-->\n<audio class=\"wp-audio-shortcode\" id=\"audio-1169-1\" preload=\"none\" style=\"width: 100%;\" controls=\"controls\"><source type=\"audio\/wav\" src=\"https:\/\/sergiodemiguelmusic.com\/wp-content\/uploads\/2025\/09\/CCC-2025-10-SDM-04-MIX-Full.wav?_=1\" \/><source type=\"audio\/wav\" src=\"https:\/\/sergiodemiguelmusic.com\/wp-content\/uploads\/2025\/09\/CCC-2025-10-SDM-04-MIX-Full.wav?_=1\" \/><a href=\"https:\/\/sergiodemiguelmusic.com\/wp-content\/uploads\/2025\/09\/CCC-2025-10-SDM-04-MIX-Full.wav\">https:\/\/sergiodemiguelmusic.com\/wp-content\/uploads\/2025\/09\/CCC-2025-10-SDM-04-MIX-Full.wav<\/a><\/audio>\t\t\t\t<\/div>\n\t\t\t\t<\/div>\n\t\t\t\t<div class=\"elementor-element elementor-element-c131d7d elementor-widget elementor-widget-text-editor\" data-id=\"c131d7d\" data-element_type=\"widget\" data-widget_type=\"text-editor.default\">\n\t\t\t\t<div class=\"elementor-widget-container\">\n\t\t\t\t\t\t\t\t\t<p style=\"text-align: center;\"><span style=\"font-size: 10pt;\"><b>&#8220;Distant Light&#8221;<\/b> by Sergio de Miguel &#8211; <\/span><span style=\"font-size: 10pt;\">Recorded at Eastwood Scoring Stage (Burbank, CA)<\/span><\/p>\t\t\t\t\t\t\t\t<\/div>\n\t\t\t\t<\/div>\n\t\t\t\t\t<\/div>\n\t\t<\/div>\n\t\t\t\t\t<\/div>\n\t\t<\/section>\n\t\t\t\t<section class=\"elementor-section elementor-top-section elementor-element elementor-element-d0ad27f elementor-section-boxed elementor-section-height-default elementor-section-height-default\" data-id=\"d0ad27f\" data-element_type=\"section\">\n\t\t\t\t\t\t<div class=\"elementor-container elementor-column-gap-default\">\n\t\t\t\t\t<div class=\"elementor-column elementor-col-100 elementor-top-column elementor-element elementor-element-e1ec98b\" data-id=\"e1ec98b\" data-element_type=\"column\">\n\t\t\t<div class=\"elementor-widget-wrap elementor-element-populated\">\n\t\t\t\t\t\t<div class=\"elementor-element elementor-element-0949bc1 elementor-widget elementor-widget-text-editor\" data-id=\"0949bc1\" data-element_type=\"widget\" data-widget_type=\"text-editor.default\">\n\t\t\t\t<div class=\"elementor-widget-container\">\n\t\t\t\t\t\t\t\t\t<p>Sergio is beginning his journey in the world of film scoring, taking his first steps in the Hollywood industry. He has scored several short films and is now part of the music team of acclaimed composer <strong>Michael Abels<\/strong> (<em data-start=\"665\" data-end=\"674\">D\u00e9jame Salir<\/em>, <em data-start=\"676\" data-end=\"680\">Nosotros<\/em>, <em data-start=\"682\" data-end=\"688\">Nop<\/em>ganando experiencia en producciones de cine y televisi\u00f3n de alto nivel. Su sue\u00f1o es contribuir a la historia de la m\u00fasica para cine, siendo fiel a su identidad art\u00edstica y dejando su marca donde sea posible, mientras se desarrolla como compositor.<\/p>\t\t\t\t\t\t\t\t<\/div>\n\t\t\t\t<\/div>\n\t\t\t\t\t<\/div>\n\t\t<\/div>\n\t\t\t\t\t<\/div>\n\t\t<\/section>\n\t\t\t\t<section class=\"elementor-section elementor-top-section elementor-element elementor-element-1d96c12 elementor-section-boxed elementor-section-height-default elementor-section-height-default\" data-id=\"1d96c12\" data-element_type=\"section\">\n\t\t\t\t\t\t<div class=\"elementor-container elementor-column-gap-default\">\n\t\t\t\t\t<div class=\"elementor-column elementor-col-100 elementor-top-column elementor-element elementor-element-6a7feca\" data-id=\"6a7feca\" data-element_type=\"column\">\n\t\t\t<div class=\"elementor-widget-wrap elementor-element-populated\">\n\t\t\t\t\t\t<div class=\"elementor-element elementor-element-ea37df9 elementor-widget-divider--view-line elementor-widget elementor-widget-divider\" data-id=\"ea37df9\" data-element_type=\"widget\" data-widget_type=\"divider.default\">\n\t\t\t\t<div class=\"elementor-widget-container\">\n\t\t\t\t\t\t\t<div class=\"elementor-divider\">\n\t\t\t<span class=\"elementor-divider-separator\">\n\t\t\t\t\t\t<\/span>\n\t\t<\/div>\n\t\t\t\t\t\t<\/div>\n\t\t\t\t<\/div>\n\t\t\t\t\t<\/div>\n\t\t<\/div>\n\t\t\t\t\t<\/div>\n\t\t<\/section>\n\t\t\t\t<section class=\"elementor-section elementor-top-section elementor-element elementor-element-e1e9bd2 elementor-section-boxed elementor-section-height-default elementor-section-height-default\" data-id=\"e1e9bd2\" data-element_type=\"section\">\n\t\t\t\t\t\t<div class=\"elementor-container elementor-column-gap-default\">\n\t\t\t\t\t<div class=\"elementor-column elementor-col-100 elementor-top-column elementor-element elementor-element-f81a1ce\" data-id=\"f81a1ce\" data-element_type=\"column\">\n\t\t\t<div class=\"elementor-widget-wrap elementor-element-populated\">\n\t\t\t\t\t\t<div class=\"elementor-element elementor-element-5e84e2b elementor-widget elementor-widget-heading\" data-id=\"5e84e2b\" data-element_type=\"widget\" data-widget_type=\"heading.default\">\n\t\t\t\t<div class=\"elementor-widget-container\">\n\t\t\t\t\t<h2 class=\"elementor-heading-title elementor-size-default\">Reel de Compositor<\/h2>\t\t\t\t<\/div>\n\t\t\t\t<\/div>\n\t\t\t\t\t<\/div>\n\t\t<\/div>\n\t\t\t\t\t<\/div>\n\t\t<\/section>\n\t\t\t\t<section class=\"elementor-section elementor-top-section elementor-element elementor-element-2669899 elementor-section-boxed elementor-section-height-default elementor-section-height-default\" data-id=\"2669899\" data-element_type=\"section\">\n\t\t\t\t\t\t<div class=\"elementor-container elementor-column-gap-default\">\n\t\t\t\t\t<div class=\"elementor-column elementor-col-100 elementor-top-column elementor-element elementor-element-87da353\" data-id=\"87da353\" data-element_type=\"column\">\n\t\t\t<div class=\"elementor-widget-wrap elementor-element-populated\">\n\t\t\t\t\t\t<div class=\"elementor-element elementor-element-8ebd300 elementor-widget elementor-widget-html\" data-id=\"8ebd300\" data-element_type=\"widget\" data-widget_type=\"html.default\">\n\t\t\t\t<div class=\"elementor-widget-container\">\n\t\t\t\t\t<!-- ReelCrafter reel: Sergio de Miguel - Composer -->\n<iframe\n  width=\"100%\"\n  height=\"400\"\n  scrolling=\"no\"\n  frameborder=\"no\"\n  src=\"https:\/\/play.reelcrafter.com\/embed\/e8bb11d7-4e4f-4613-addd-ba0098bac37c\">\n<\/iframe>\t\t\t\t<\/div>\n\t\t\t\t<\/div>\n\t\t\t\t\t<\/div>\n\t\t<\/div>\n\t\t\t\t\t<\/div>\n\t\t<\/section>\n\t\t\t\t<section class=\"elementor-section elementor-top-section elementor-element elementor-element-2e1e474 elementor-section-boxed elementor-section-height-default elementor-section-height-default\" data-id=\"2e1e474\" data-element_type=\"section\">\n\t\t\t\t\t\t<div class=\"elementor-container elementor-column-gap-default\">\n\t\t\t\t\t<div class=\"elementor-column elementor-col-100 elementor-top-column elementor-element elementor-element-748dc5d\" data-id=\"748dc5d\" data-element_type=\"column\">\n\t\t\t<div class=\"elementor-widget-wrap elementor-element-populated\">\n\t\t\t\t\t\t<div class=\"elementor-element elementor-element-e9f3b93 elementor-widget-divider--view-line elementor-widget elementor-widget-divider\" data-id=\"e9f3b93\" data-element_type=\"widget\" data-widget_type=\"divider.default\">\n\t\t\t\t<div class=\"elementor-widget-container\">\n\t\t\t\t\t\t\t<div class=\"elementor-divider\">\n\t\t\t<span class=\"elementor-divider-separator\">\n\t\t\t\t\t\t<\/span>\n\t\t<\/div>\n\t\t\t\t\t\t<\/div>\n\t\t\t\t<\/div>\n\t\t\t\t\t<\/div>\n\t\t<\/div>\n\t\t\t\t\t<\/div>\n\t\t<\/section>\n\t\t\t\t<section class=\"elementor-section elementor-top-section elementor-element elementor-element-def99bb elementor-section-boxed elementor-section-height-default elementor-section-height-default\" data-id=\"def99bb\" data-element_type=\"section\">\n\t\t\t\t\t\t<div class=\"elementor-container elementor-column-gap-default\">\n\t\t\t\t\t<div class=\"elementor-column elementor-col-100 elementor-top-column elementor-element elementor-element-9485a44\" data-id=\"9485a44\" data-element_type=\"column\">\n\t\t\t<div class=\"elementor-widget-wrap elementor-element-populated\">\n\t\t\t\t\t\t<div class=\"elementor-element elementor-element-f555bdd elementor-widget elementor-widget-heading\" data-id=\"f555bdd\" data-element_type=\"widget\" data-widget_type=\"heading.default\">\n\t\t\t\t<div class=\"elementor-widget-container\">\n\t\t\t\t\t<h2 class=\"elementor-heading-title elementor-size-default\">Composer Projects<\/h2>\t\t\t\t<\/div>\n\t\t\t\t<\/div>\n\t\t\t\t\t<\/div>\n\t\t<\/div>\n\t\t\t\t\t<\/div>\n\t\t<\/section>\n\t\t\t\t<section class=\"elementor-section elementor-top-section elementor-element elementor-element-77c5879 elementor-section-boxed elementor-section-height-default elementor-section-height-default\" data-id=\"77c5879\" data-element_type=\"section\">\n\t\t\t\t\t\t<div class=\"elementor-container elementor-column-gap-default\">\n\t\t\t\t\t<div class=\"elementor-column elementor-col-100 elementor-top-column elementor-element elementor-element-f35778f\" data-id=\"f35778f\" data-element_type=\"column\">\n\t\t\t<div class=\"elementor-widget-wrap elementor-element-populated\">\n\t\t\t\t\t\t<div class=\"elementor-element elementor-element-1d3f82c gallery-spacing-custom elementor-widget elementor-widget-image-gallery\" data-id=\"1d3f82c\" data-element_type=\"widget\" data-widget_type=\"image-gallery.default\">\n\t\t\t\t<div class=\"elementor-widget-container\">\n\t\t\t\t\t\t\t<div class=\"elementor-image-gallery\">\n\t\t\t<div id='gallery-1' class='gallery galleryid-1169 gallery-columns-2 gallery-size-full'><figure class='gallery-item'>\n\t\t\t<div class='gallery-icon portrait'>\n\t\t\t\t<a data-elementor-open-lightbox=\"yes\" data-elementor-lightbox-slideshow=\"1d3f82c\" data-elementor-lightbox-title=\"The &#039;Burbs (2026)\" data-e-action-hash=\"#elementor-action%3Aaction%3Dlightbox%26settings%3DeyJpZCI6MTYxMCwidXJsIjoiaHR0cHM6XC9cL3Nlcmdpb2RlbWlndWVsbXVzaWMuY29tXC93cC1jb250ZW50XC91cGxvYWRzXC8yMDI2XC8wMlwvU2NyZWVuLVNob3QtMjAyNi0wMi0wOC1hdC0xMC4yMC41Mi1QTS5wbmciLCJzbGlkZXNob3ciOiIxZDNmODJjIn0%3D\" href='https:\/\/sergiodemiguelmusic.com\/wp-content\/uploads\/2026\/02\/Screen-Shot-2026-02-08-at-10.20.52-PM.png'><img fetchpriority=\"high\" decoding=\"async\" width=\"1098\" height=\"1632\" src=\"https:\/\/sergiodemiguelmusic.com\/wp-content\/uploads\/2026\/02\/Screen-Shot-2026-02-08-at-10.20.52-PM.png\" class=\"attachment-full size-full\" alt=\"(Composers Michael Abel &amp; Robert Wallace)\" aria-describedby=\"gallery-1-1610\" srcset=\"https:\/\/sergiodemiguelmusic.com\/wp-content\/uploads\/2026\/02\/Screen-Shot-2026-02-08-at-10.20.52-PM.png 1098w, https:\/\/sergiodemiguelmusic.com\/wp-content\/uploads\/2026\/02\/Screen-Shot-2026-02-08-at-10.20.52-PM-202x300.png 202w, https:\/\/sergiodemiguelmusic.com\/wp-content\/uploads\/2026\/02\/Screen-Shot-2026-02-08-at-10.20.52-PM-689x1024.png 689w, https:\/\/sergiodemiguelmusic.com\/wp-content\/uploads\/2026\/02\/Screen-Shot-2026-02-08-at-10.20.52-PM-768x1142.png 768w, https:\/\/sergiodemiguelmusic.com\/wp-content\/uploads\/2026\/02\/Screen-Shot-2026-02-08-at-10.20.52-PM-1033x1536.png 1033w, https:\/\/sergiodemiguelmusic.com\/wp-content\/uploads\/2026\/02\/Screen-Shot-2026-02-08-at-10.20.52-PM-8x12.png 8w, https:\/\/sergiodemiguelmusic.com\/wp-content\/uploads\/2026\/02\/Screen-Shot-2026-02-08-at-10.20.52-PM-350x520.png 350w\" sizes=\"100vw\" \/><\/a>\n\t\t\t<\/div>\n\t\t\t\t<figcaption class='wp-caption-text gallery-caption' id='gallery-1-1610'>\n\t\t\t\tThe &#8216;Burbs (2026) &#8211; Additional Music\n\t\t\t\t<\/figcaption><\/figure><figure class='gallery-item'>\n\t\t\t<div class='gallery-icon portrait'>\n\t\t\t\t<a data-elementor-open-lightbox=\"yes\" data-elementor-lightbox-slideshow=\"1d3f82c\" data-elementor-lightbox-title=\"Contigo (2025)\" data-e-action-hash=\"#elementor-action%3Aaction%3Dlightbox%26settings%3DeyJpZCI6MTM3MCwidXJsIjoiaHR0cHM6XC9cL3Nlcmdpb2RlbWlndWVsbXVzaWMuY29tXC93cC1jb250ZW50XC91cGxvYWRzXC8yMDI1XC8wOVwvUEhPVE8tMjAyNS0wNC0wMS0xMy0wMS0zMy5qcGciLCJzbGlkZXNob3ciOiIxZDNmODJjIn0%3D\" href='https:\/\/sergiodemiguelmusic.com\/wp-content\/uploads\/2025\/09\/PHOTO-2025-04-01-13-01-33.jpg'><img decoding=\"async\" width=\"1350\" height=\"2000\" src=\"https:\/\/sergiodemiguelmusic.com\/wp-content\/uploads\/2025\/09\/PHOTO-2025-04-01-13-01-33.jpg\" class=\"attachment-full size-full\" alt=\"Contigo (2025)\" aria-describedby=\"gallery-1-1370\" srcset=\"https:\/\/sergiodemiguelmusic.com\/wp-content\/uploads\/2025\/09\/PHOTO-2025-04-01-13-01-33.jpg 1350w, https:\/\/sergiodemiguelmusic.com\/wp-content\/uploads\/2025\/09\/PHOTO-2025-04-01-13-01-33-203x300.jpg 203w, https:\/\/sergiodemiguelmusic.com\/wp-content\/uploads\/2025\/09\/PHOTO-2025-04-01-13-01-33-691x1024.jpg 691w, https:\/\/sergiodemiguelmusic.com\/wp-content\/uploads\/2025\/09\/PHOTO-2025-04-01-13-01-33-768x1138.jpg 768w, https:\/\/sergiodemiguelmusic.com\/wp-content\/uploads\/2025\/09\/PHOTO-2025-04-01-13-01-33-1037x1536.jpg 1037w, https:\/\/sergiodemiguelmusic.com\/wp-content\/uploads\/2025\/09\/PHOTO-2025-04-01-13-01-33-8x12.jpg 8w, https:\/\/sergiodemiguelmusic.com\/wp-content\/uploads\/2025\/09\/PHOTO-2025-04-01-13-01-33-1320x1956.jpg 1320w, https:\/\/sergiodemiguelmusic.com\/wp-content\/uploads\/2025\/09\/PHOTO-2025-04-01-13-01-33-350x519.jpg 350w\" sizes=\"100vw\" \/><\/a>\n\t\t\t<\/div>\n\t\t\t\t<figcaption class='wp-caption-text gallery-caption' id='gallery-1-1370'>\n\t\t\t\tContigo (2025) &#8211; Composer\n\t\t\t\t<\/figcaption><\/figure><figure class='gallery-item'>\n\t\t\t<div class='gallery-icon landscape'>\n\t\t\t\t<a data-elementor-open-lightbox=\"yes\" data-elementor-lightbox-slideshow=\"1d3f82c\" data-elementor-lightbox-title=\"355 m2 (2025)\" data-e-action-hash=\"#elementor-action%3Aaction%3Dlightbox%26settings%3DeyJpZCI6MTM3MSwidXJsIjoiaHR0cHM6XC9cL3Nlcmdpb2RlbWlndWVsbXVzaWMuY29tXC93cC1jb250ZW50XC91cGxvYWRzXC8yMDI1XC8wOVwvU2NyZWVuLVNob3QtMjAyNS0wOS0yNi1hdC0xLjA2LjU4LVBNLXNjYWxlZC5wbmciLCJzbGlkZXNob3ciOiIxZDNmODJjIn0%3D\" href='https:\/\/sergiodemiguelmusic.com\/wp-content\/uploads\/2025\/09\/Screen-Shot-2025-09-26-at-1.06.58-PM-scaled.png'><img decoding=\"async\" width=\"2560\" height=\"1179\" src=\"https:\/\/sergiodemiguelmusic.com\/wp-content\/uploads\/2025\/09\/Screen-Shot-2025-09-26-at-1.06.58-PM-scaled.png\" class=\"attachment-full size-full\" alt=\"355 m2 (2025)\" aria-describedby=\"gallery-1-1371\" srcset=\"https:\/\/sergiodemiguelmusic.com\/wp-content\/uploads\/2025\/09\/Screen-Shot-2025-09-26-at-1.06.58-PM-scaled.png 2560w, https:\/\/sergiodemiguelmusic.com\/wp-content\/uploads\/2025\/09\/Screen-Shot-2025-09-26-at-1.06.58-PM-300x138.png 300w, https:\/\/sergiodemiguelmusic.com\/wp-content\/uploads\/2025\/09\/Screen-Shot-2025-09-26-at-1.06.58-PM-1024x471.png 1024w, https:\/\/sergiodemiguelmusic.com\/wp-content\/uploads\/2025\/09\/Screen-Shot-2025-09-26-at-1.06.58-PM-768x354.png 768w, https:\/\/sergiodemiguelmusic.com\/wp-content\/uploads\/2025\/09\/Screen-Shot-2025-09-26-at-1.06.58-PM-1536x707.png 1536w, https:\/\/sergiodemiguelmusic.com\/wp-content\/uploads\/2025\/09\/Screen-Shot-2025-09-26-at-1.06.58-PM-2048x943.png 2048w, https:\/\/sergiodemiguelmusic.com\/wp-content\/uploads\/2025\/09\/Screen-Shot-2025-09-26-at-1.06.58-PM-18x8.png 18w, https:\/\/sergiodemiguelmusic.com\/wp-content\/uploads\/2025\/09\/Screen-Shot-2025-09-26-at-1.06.58-PM-1320x608.png 1320w, https:\/\/sergiodemiguelmusic.com\/wp-content\/uploads\/2025\/09\/Screen-Shot-2025-09-26-at-1.06.58-PM-350x161.png 350w\" sizes=\"100vw\" \/><\/a>\n\t\t\t<\/div>\n\t\t\t\t<figcaption class='wp-caption-text gallery-caption' id='gallery-1-1371'>\n\t\t\t\t355 m2 (2025) &#8211; Composer\n\t\t\t\t<\/figcaption><\/figure>\n\t\t<\/div>\n\t\t<\/div>\n\t\t\t\t\t\t<\/div>\n\t\t\t\t<\/div>\n\t\t\t\t\t<\/div>\n\t\t<\/div>\n\t\t\t\t\t<\/div>\n\t\t<\/section>\n\t\t\t\t<section class=\"elementor-section elementor-top-section elementor-element elementor-element-af9319d elementor-section-boxed elementor-section-height-default elementor-section-height-default\" data-id=\"af9319d\" data-element_type=\"section\">\n\t\t\t\t\t\t<div class=\"elementor-container elementor-column-gap-default\">\n\t\t\t\t\t<div class=\"elementor-column elementor-col-100 elementor-top-column elementor-element elementor-element-bdf84fc\" data-id=\"bdf84fc\" data-element_type=\"column\">\n\t\t\t<div class=\"elementor-widget-wrap elementor-element-populated\">\n\t\t\t\t\t\t<div class=\"elementor-element elementor-element-280be10 elementor-view-default elementor-widget elementor-widget-icon\" data-id=\"280be10\" data-element_type=\"widget\" data-widget_type=\"icon.default\">\n\t\t\t\t<div class=\"elementor-widget-container\">\n\t\t\t\t\t\t\t<div class=\"elementor-icon-wrapper\">\n\t\t\t<a class=\"elementor-icon\" href=\"https:\/\/www.imdb.com\/name\/nm14551952\/\">\n\t\t\t<i aria-hidden=\"true\" class=\"fab fa-imdb\"><\/i>\t\t\t<\/a>\n\t\t<\/div>\n\t\t\t\t\t\t<\/div>\n\t\t\t\t<\/div>\n\t\t\t\t\t<\/div>\n\t\t<\/div>\n\t\t\t\t\t<\/div>\n\t\t<\/section>\n\t\t\t\t<section class=\"elementor-section elementor-top-section elementor-element elementor-element-ed8473d elementor-section-boxed elementor-section-height-default elementor-section-height-default\" data-id=\"ed8473d\" data-element_type=\"section\">\n\t\t\t\t\t\t<div class=\"elementor-container elementor-column-gap-default\">\n\t\t\t\t\t<div class=\"elementor-column elementor-col-100 elementor-top-column elementor-element elementor-element-607f103\" data-id=\"607f103\" data-element_type=\"column\">\n\t\t\t<div class=\"elementor-widget-wrap elementor-element-populated\">\n\t\t\t\t\t\t<div class=\"elementor-element elementor-element-f4de98f elementor-widget elementor-widget-heading\" data-id=\"f4de98f\" data-element_type=\"widget\" data-widget_type=\"heading.default\">\n\t\t\t\t<div class=\"elementor-widget-container\">\n\t\t\t\t\t<h2 class=\"elementor-heading-title elementor-size-default\">Festivals Recognition<\/h2>\t\t\t\t<\/div>\n\t\t\t\t<\/div>\n\t\t\t\t\t<\/div>\n\t\t<\/div>\n\t\t\t\t\t<\/div>\n\t\t<\/section>\n\t\t\t\t<section class=\"elementor-section elementor-top-section elementor-element elementor-element-37b9c8b elementor-section-boxed elementor-section-height-default elementor-section-height-default\" data-id=\"37b9c8b\" data-element_type=\"section\">\n\t\t\t\t\t\t<div class=\"elementor-container elementor-column-gap-default\">\n\t\t\t\t\t<div class=\"elementor-column elementor-col-100 elementor-top-column elementor-element elementor-element-a202005\" data-id=\"a202005\" data-element_type=\"column\">\n\t\t\t<div class=\"elementor-widget-wrap elementor-element-populated\">\n\t\t\t\t\t\t<div class=\"elementor-element elementor-element-8661d36 elementor-widget elementor-widget-text-editor\" data-id=\"8661d36\" data-element_type=\"widget\" data-widget_type=\"text-editor.default\">\n\t\t\t\t<div class=\"elementor-widget-container\">\n\t\t\t\t\t\t\t\t\t<ul style=\"list-style-type: circle;\"><li><span style=\"font-size: 14pt;\">9th Toronto International Nollywood Film Festival (TINFF)<\/span><\/li><li><span style=\"font-size: 18.6667px;\">2025 FilmGate Miami\u00a0<\/span><span style=\"font-size: 18.6667px;\">(Miami, FL)<\/span><\/li><li><span style=\"font-size: 18.6667px;\">2025 Urban Action Showcase (New York City, NY)<\/span><\/li><li><span style=\"color: var( --e-global-color-text ); font-family: var( --e-global-typography-text-font-family ), Sans-serif; font-size: 18.6667px; font-weight: var( --e-global-typography-text-font-weight );\">2025 Georgia Latino International Film Festival (GALIFF)<\/span><\/li><li><span style=\"font-size: 18.6667px;\">2025 Indies Short Fest (Los Angeles, CA)<\/span><\/li><li><span style=\"font-size: 14pt;\">2025 Haymaker Film Festival (Salt Lake City, UT)<\/span><\/li><li><span style=\"font-size: 14pt; color: var( --e-global-color-text ); font-family: var( --e-global-typography-text-font-family ), Sans-serif; font-weight: var( --e-global-typography-text-font-weight );\">9th Cinema Venezuela (Miami, FL)<\/span><\/li><\/ul>\t\t\t\t\t\t\t\t<\/div>\n\t\t\t\t<\/div>\n\t\t\t\t\t<\/div>\n\t\t<\/div>\n\t\t\t\t\t<\/div>\n\t\t<\/section>\n\t\t\t\t<\/div>","protected":false},"excerpt":{"rendered":"<p>&#8220;Distant Light&#8221; by Sergio de Miguel &#8211; Recorded at Eastwood Scoring Stage (Burbank, CA) Sergio is beginning his journey in the world of film scoring, taking his first steps in the Hollywood industry. He has scored several short films and is now part of the music team of acclaimed composer Michael Abels (Get Out, Us, &hellip; <\/p>\n<p class=\"link-more\"><a href=\"https:\/\/sergiodemiguelmusic.com\/es\/music-for-media\" class=\"more-link\">Continuar leyendo<span class=\"screen-reader-text\"> &#8220;Music for Media&#8221;<\/span><\/a><\/p>","protected":false},"author":2,"featured_media":0,"parent":0,"menu_order":0,"comment_status":"closed","ping_status":"closed","template":"","meta":{"_monsterinsights_skip_tracking":false,"_monsterinsights_sitenote_active":false,"_monsterinsights_sitenote_note":"","_monsterinsights_sitenote_category":0,"_uf_show_specific_survey":0,"_uf_disable_surveys":false,"footnotes":""},"class_list":["post-1169","page","type-page","status-publish","hentry"],"aioseo_notices":[],"jetpack_sharing_enabled":true,"_links":{"self":[{"href":"https:\/\/sergiodemiguelmusic.com\/es\/wp-json\/wp\/v2\/pages\/1169","targetHints":{"allow":["GET"]}}],"collection":[{"href":"https:\/\/sergiodemiguelmusic.com\/es\/wp-json\/wp\/v2\/pages"}],"about":[{"href":"https:\/\/sergiodemiguelmusic.com\/es\/wp-json\/wp\/v2\/types\/page"}],"author":[{"embeddable":true,"href":"https:\/\/sergiodemiguelmusic.com\/es\/wp-json\/wp\/v2\/users\/2"}],"replies":[{"embeddable":true,"href":"https:\/\/sergiodemiguelmusic.com\/es\/wp-json\/wp\/v2\/comments?post=1169"}],"version-history":[{"count":70,"href":"https:\/\/sergiodemiguelmusic.com\/es\/wp-json\/wp\/v2\/pages\/1169\/revisions"}],"predecessor-version":[{"id":1622,"href":"https:\/\/sergiodemiguelmusic.com\/es\/wp-json\/wp\/v2\/pages\/1169\/revisions\/1622"}],"wp:attachment":[{"href":"https:\/\/sergiodemiguelmusic.com\/es\/wp-json\/wp\/v2\/media?parent=1169"}],"curies":[{"name":"wp","href":"https:\/\/api.w.org\/{rel}","templated":true}]}}